{"id":2890,"date":"2013-03-10T17:58:48","date_gmt":"2013-03-10T17:58:48","guid":{"rendered":"http:\/\/www.kriesi.at\/themes\/enfold\/?page_id=2890"},"modified":"2024-02-27T15:21:38","modified_gmt":"2024-02-27T14:21:38","slug":"gute-spenglerei-in-augsburg","status":"publish","type":"page","link":"https:\/\/www.bauspenglerei-lange.de\/gute-spenglerei-in-augsburg\/","title":{"rendered":"Bauspenglerei Lange"},"content":{"rendered":"<div   class='avia-fullscreen-slider main_color   avia-builder-el-0  el_before_av_section  avia-builder-el-first  container_wrap sidebar_right'  >\n<style type=\"text\/css\" data-created_by=\"avia_inline_auto\" id=\"style-css-av-l4wohm-50ab69480784141b91e09ea2aa862e4a\">\n#top .avia-slideshow .av-slideshow-caption.av-l4wohm-50ab69480784141b91e09ea2aa862e4a__0 .avia-caption-content{\nfont-size:16px;\n}\n#top .avia-slideshow .av-slideshow-caption.av-l4wohm-50ab69480784141b91e09ea2aa862e4a__0 .avia-caption-content p{\nfont-size:16px;\n}\n<\/style>\n<a href='#next-section' title='' class='scroll-down-link av-control-default avia-svg-icon avia-font-svg_entypo-fontello' data-av_svg_icon='down-open-mini' data-av_iconset='svg_entypo-fontello'><svg version=\"1.1\" xmlns=\"http:\/\/www.w3.org\/2000\/svg\" width=\"15\" height=\"32\" viewBox=\"0 0 15 32\" preserveAspectRatio=\"xMidYMid meet\" aria-labelledby='av-svg-title-1' aria-describedby='av-svg-desc-1' role=\"graphics-symbol\" aria-hidden=\"true\">\n<title id='av-svg-title-1'>Scroll to next section<\/title>\n<desc id='av-svg-desc-1'>Scroll to next section<\/desc>\n<path d=\"M12.96 12.16q0.704-0.832 1.536 0 0.832 0.704 0 1.536l-6.272 6.144q-0.704 0.704-1.536 0l-6.272-6.144q-0.832-0.832 0-1.536 0.768-0.768 1.6 0l5.44 4.992z\"><\/path>\n<\/svg><\/a><div  class='avia-slideshow av-l4wohm-50ab69480784141b91e09ea2aa862e4a avia-slideshow-extra_large av_fullscreen avia-fade-slider av-slideshow-ui av-control-default av-slideshow-autoplay av-loop-endless av-loop-manual-endless av-slider-scroll-down-active av-default-height-applied   avia-slideshow-1' data-slideshow-options=\"{&quot;animation&quot;:&quot;fade&quot;,&quot;autoplay&quot;:true,&quot;loop_autoplay&quot;:&quot;endless&quot;,&quot;interval&quot;:7,&quot;loop_manual&quot;:&quot;manual-endless&quot;,&quot;autoplay_stopper&quot;:false,&quot;noNavigation&quot;:false,&quot;bg_slider&quot;:true,&quot;keep_padding&quot;:false,&quot;hoverpause&quot;:false,&quot;show_slide_delay&quot;:0,&quot;slide_height&quot;:&quot;100&quot;,&quot;image_attachment&quot;:&quot;&quot;}\"  itemprop=\"image\" itemscope=\"itemscope\" itemtype=\"https:\/\/schema.org\/ImageObject\" ><ul class='avia-slideshow-inner ' style='padding-bottom: 65%;'><li style='background-position:top left;' data-img-url='https:\/\/www.bauspenglerei-lange.de\/websites\/_dev\/wp-content\/uploads\/2013\/03\/bauspenglerei-lange-header.jpg' class='avia-slideshow-slide av-l4wohm-50ab69480784141b91e09ea2aa862e4a__0  av-single-slide slide-1 slide-odd'><div data-rel='slideshow-1' class='avia-slide-wrap '   ><div class='av-slideshow-caption av-l4wohm-50ab69480784141b91e09ea2aa862e4a__0 caption_fullwidth caption_left caption_left_framed caption_framed'><div class=\"container caption_container\"><div class=\"slideshow_caption\"><div class=\"slideshow_inner_caption\"><div class=\"slideshow_align_caption\"><h2 class='avia-caption-title '  itemprop=\"name\" >Sie suchen einen kompetenten und engagierten Bauspengler f\u00fcr Arbeiten an Ihrem Haus?<\/h2><br\/><a href='https:\/\/www.bauspenglerei-lange.de\/gute-spenglerei-in-augsburg\/leistungen-einer-spenglerei-in-augsburg\/'  class='avia-slideshow-button avia-button avia-color-light ' data-duration='800' data-easing='easeInOutQuad'>Das k\u00f6nnen wir f\u00fcr Sie tun<\/a><\/div><\/div><\/div><\/div><\/div><\/div><\/li><\/ul><\/div><\/div>\n<div id='av_section_1'  class='avia-section av-h5luwa-6667c75708aad70d3f767faa7677957b alternate_color avia-section-default avia-no-shadow  avia-builder-el-1  el_after_av_fullscreen  avia-builder-el-last  avia-bg-style-scroll container_wrap sidebar_right'  ><div class='container av-section-cont-open' ><div class='template-page content  av-content-small alpha units'><div class='post-entry post-entry-type-page post-entry-2890'><div class='entry-content-wrapper clearfix'>\n\n<style type=\"text\/css\" data-created_by=\"avia_inline_auto\" id=\"style-css-av-fi4nka-9d7eb8e5be0d0cf565236f6eaf481ea1\">\n.flex_column.av-fi4nka-9d7eb8e5be0d0cf565236f6eaf481ea1{\nborder-radius:0px 0px 0px 0px;\npadding:0px 0px 0px 0px;\n}\n<\/style>\n<div  class='flex_column av-fi4nka-9d7eb8e5be0d0cf565236f6eaf481ea1 av_one_half  avia-builder-el-2  el_before_av_one_half  avia-builder-el-first  first flex_column_div av-zero-column-padding  '     ><style type=\"text\/css\" data-created_by=\"avia_inline_auto\" id=\"style-css-av-dj72ju-c52cc09fe66252ed806b7fbbbea0dbde\">\n#top .av_textblock_section.av-dj72ju-c52cc09fe66252ed806b7fbbbea0dbde .avia_textblock{\nfont-size:25px;\ncolor:#ffffff;\n}\n<\/style>\n<section  class='av_textblock_section av-dj72ju-c52cc09fe66252ed806b7fbbbea0dbde '   itemscope=\"itemscope\" itemtype=\"https:\/\/schema.org\/CreativeWork\" ><div class='avia_textblock av_inherit_color'  itemprop=\"text\" ><p style=\"text-align: right;\"><strong>Dann sind Sie bei uns genau richtig!<\/strong><\/p>\n<\/div><\/section><br \/>\n\n<style type=\"text\/css\" data-created_by=\"avia_inline_auto\" id=\"style-css-av-bum016-8beefcd8b810cf71534ad9fdcfdec38c\">\n#top .hr.hr-invisible.av-bum016-8beefcd8b810cf71534ad9fdcfdec38c{\nheight:50px;\n}\n<\/style>\n<div  class='hr av-bum016-8beefcd8b810cf71534ad9fdcfdec38c hr-invisible  avia-builder-el-4  el_after_av_textblock  el_before_av_textblock '><span class='hr-inner '><span class=\"hr-inner-style\"><\/span><\/span><\/div><br \/>\n\n<style type=\"text\/css\" data-created_by=\"avia_inline_auto\" id=\"style-css-av-a6akqi-b7bb1a703d46d8448e44b484bfeb37d2\">\n#top .av_textblock_section.av-a6akqi-b7bb1a703d46d8448e44b484bfeb37d2 .avia_textblock{\ncolor:#ffffff;\n}\n<\/style>\n<section  class='av_textblock_section av-a6akqi-b7bb1a703d46d8448e44b484bfeb37d2 '   itemscope=\"itemscope\" itemtype=\"https:\/\/schema.org\/CreativeWork\" ><div class='avia_textblock av_inherit_color'  itemprop=\"text\" ><p style=\"text-align: right;\">Egal ob Neubau oder Dachsanierung, wir bieten Ihnen fachgerechte Spenglerarbeiten von der Dachrinne bis hin zum Metalldach. Zu unseren Kompetenzen z\u00e4hlen au\u00dferdem komplette Flachdachsanierungen von Garagen, Balkonen, Terrassen und H\u00e4usern sowie <a href=\"https:\/\/www.bauspenglerei-lange.de\/gute-spenglerei-in-augsburg\/dachbegruenung\/\">Spenglerarbeiten f\u00fcr nachhaltige Dachbegr\u00fcnung<\/a>.<\/p>\n<\/div><\/section><\/p><\/div>\n<style type=\"text\/css\" data-created_by=\"avia_inline_auto\" id=\"style-css-av-9g0adm-1b18d8d6823567bb554ab8d79a900497\">\n.flex_column.av-9g0adm-1b18d8d6823567bb554ab8d79a900497{\nborder-radius:0px 0px 0px 0px;\npadding:0px 0px 0px 0px;\n}\n<\/style>\n<div  class='flex_column av-9g0adm-1b18d8d6823567bb554ab8d79a900497 av_one_half  avia-builder-el-6  el_after_av_one_half  avia-builder-el-last  flex_column_div av-zero-column-padding  '     ><style type=\"text\/css\" data-created_by=\"avia_inline_auto\" id=\"style-css-av-8947yi-f7f47a596d34e4d843dac4ff01dd9e23\">\n#top .avia-icon-list-container.av-8947yi-f7f47a596d34e4d843dac4ff01dd9e23 .iconlist_icon{\ncolor:#ffffff;\nbackground-color:#0057a3;\nborder:1px solid #ffffff;\n}\n#top .avia-icon-list-container.av-8947yi-f7f47a596d34e4d843dac4ff01dd9e23 .iconlist_icon svg:first-child{\nstroke:#ffffff;\nfill:#ffffff;\n}\n#top #wrap_all .avia-icon-list-container.av-8947yi-f7f47a596d34e4d843dac4ff01dd9e23 .av_iconlist_title{\ncolor:#ffffff;\n}\n.avia-icon-list-container.av-8947yi-f7f47a596d34e4d843dac4ff01dd9e23 .iconlist_content{\ncolor:#ffffff;\n}\n<\/style>\n<div  class='avia-icon-list-container av-8947yi-f7f47a596d34e4d843dac4ff01dd9e23  avia-builder-el-7  avia-builder-el-no-sibling '><ul class='avia-icon-list avia_animate_when_almost_visible avia-icon-list-left av-iconlist-big av-8947yi-f7f47a596d34e4d843dac4ff01dd9e23 avia-iconlist-animate'>\n<li><div class='iconlist_icon av-5l859m-ea0a15d0811598b78fa14bb7d3862e89 avia-font-entypo-fontello avia-iconfont avia-font-entypo-fontello'><span class='av-icon-char' data-av_icon='\ue821' data-av_iconfont='entypo-fontello' aria-hidden=\"true\"><\/span><\/div><article class=\"article-icon-entry \"  itemscope=\"itemscope\" itemtype=\"https:\/\/schema.org\/CreativeWork\" ><div class=\"iconlist_content_wrap\"><header class=\"entry-content-header\" aria-label=\"Icon: Firma\"><h4 class='av_iconlist_title iconlist_title  av_inherit_color'  itemprop=\"headline\" >Firma<\/h4><\/header><div class='iconlist_content av_inherit_color'  itemprop=\"text\" ><p>Die Bauspenglerei Lange ist ein Einzelunternehmen mit Sitz in Meitingen bei Augs\u00adburg. Gegr\u00fcndet wurde die Spenglerei im Mai 2013 von Spenglermeister Alexander Lange.<\/p>\n<\/div><\/div><footer class=\"entry-footer\"><\/footer><\/article><div class=\"iconlist-timeline\"><\/div><\/li>\n<li><div class='iconlist_icon av-3w656i-6b7bb73811e15ba3e8557ba7ff82c020 avia-font-entypo-fontello avia-iconfont avia-font-entypo-fontello'><span class='av-icon-char' data-av_icon='\ue856' data-av_iconfont='entypo-fontello' aria-hidden=\"true\"><\/span><\/div><article class=\"article-icon-entry \"  itemscope=\"itemscope\" itemtype=\"https:\/\/schema.org\/CreativeWork\" ><div class=\"iconlist_content_wrap\"><header class=\"entry-content-header\" aria-label=\"Icon: Leistung\"><h4 class='av_iconlist_title iconlist_title  av_inherit_color'  itemprop=\"headline\" >Leistung<\/h4><\/header><div class='iconlist_content av_inherit_color'  itemprop=\"text\" ><p>Wir bieten Ihnen fachlich korrekt ausgef\u00fchrte Spenglerarbeiten und Flachdachabdichtungen. Egal ob es um Planung oder Montage geht, wir sind Ihr kompetenter Ansprech\u00adpartner. Wir freuen uns auf Ihre Anfrage!<\/p>\n<\/div><\/div><footer class=\"entry-footer\"><\/footer><\/article><div class=\"iconlist-timeline\"><\/div><\/li>\n<li><div class='iconlist_icon av-29oazu-c6375afaf22044c1d65a3e520069b023 avia-font-entypo-fontello avia-iconfont avia-font-entypo-fontello'><span class='av-icon-char' data-av_icon='\ue80a' data-av_iconfont='entypo-fontello' aria-hidden=\"true\"><\/span><\/div><article class=\"article-icon-entry \"  itemscope=\"itemscope\" itemtype=\"https:\/\/schema.org\/CreativeWork\" ><div class=\"iconlist_content_wrap\"><header class=\"entry-content-header\" aria-label=\"Icon: Person\"><h4 class='av_iconlist_title iconlist_title  av_inherit_color'  itemprop=\"headline\" >Person<\/h4><\/header><div class='iconlist_content av_inherit_color'  itemprop=\"text\" ><p>Alexander Lange hat 2013 seine Meisterpr\u00fcfung im Spenglerhandwerk mit Erfolg absolviert und gr\u00fcndete darauf die Firma \u201eBauspenglerei Lange\u201c in Meitingen. W\u00e4hrend seiner Ausbildung und Gesellen\u00adt\u00e4tigkeit konnte er bereits viele Jahre praktische Erfahrung sammeln.<\/p>\n<\/div><\/div><footer class=\"entry-footer\"><\/footer><\/article><div class=\"iconlist-timeline\"><\/div><\/li>\n<\/ul><\/div><\/div><\/div><\/div><\/div><!-- close content main div --><\/div><\/div><div id='after_section_1'  class='main_color av_default_container_wrap container_wrap sidebar_right'  ><div class='container av-section-cont-open' ><div class='template-page content  av-content-small alpha units'><div class='post-entry post-entry-type-page post-entry-2890'><div class='entry-content-wrapper clearfix'>\n","protected":false},"excerpt":{"rendered":"","protected":false},"author":2,"featured_media":0,"parent":0,"menu_order":1,"comment_status":"open","ping_status":"closed","template":"","meta":{"footnotes":""},"class_list":["post-2890","page","type-page","status-publish","hentry"],"_links":{"self":[{"href":"https:\/\/www.bauspenglerei-lange.de\/gute-spenglerei-in-augsburg\/wp-json\/wp\/v2\/pages\/2890","targetHints":{"allow":["GET"]}}],"collection":[{"href":"https:\/\/www.bauspenglerei-lange.de\/gute-spenglerei-in-augsburg\/wp-json\/wp\/v2\/pages"}],"about":[{"href":"https:\/\/www.bauspenglerei-lange.de\/gute-spenglerei-in-augsburg\/wp-json\/wp\/v2\/types\/page"}],"author":[{"embeddable":true,"href":"https:\/\/www.bauspenglerei-lange.de\/gute-spenglerei-in-augsburg\/wp-json\/wp\/v2\/users\/2"}],"replies":[{"embeddable":true,"href":"https:\/\/www.bauspenglerei-lange.de\/gute-spenglerei-in-augsburg\/wp-json\/wp\/v2\/comments?post=2890"}],"version-history":[{"count":3,"href":"https:\/\/www.bauspenglerei-lange.de\/gute-spenglerei-in-augsburg\/wp-json\/wp\/v2\/pages\/2890\/revisions"}],"predecessor-version":[{"id":3901,"href":"https:\/\/www.bauspenglerei-lange.de\/gute-spenglerei-in-augsburg\/wp-json\/wp\/v2\/pages\/2890\/revisions\/3901"}],"wp:attachment":[{"href":"https:\/\/www.bauspenglerei-lange.de\/gute-spenglerei-in-augsburg\/wp-json\/wp\/v2\/media?parent=2890"}],"curies":[{"name":"wp","href":"https:\/\/api.w.org\/{rel}","templated":true}]}}